{"id":191,"date":"2023-04-20T06:20:29","date_gmt":"2023-04-20T06:20:29","guid":{"rendered":"https:\/\/legumbrestino.es\/?page_id=191"},"modified":"2023-10-23T09:12:43","modified_gmt":"2023-10-23T09:12:43","slug":"politicas-de-privacidad-legumbrestino","status":"publish","type":"page","link":"https:\/\/legumbrestino.es\/en\/politicas-de-privacidad-legumbrestino\/","title":{"rendered":"Privacy policy"},"content":{"rendered":"<div data-elementor-type=\"wp-page\" data-elementor-id=\"191\" class=\"elementor elementor-191\">\n\t\t\t\t\t\t<section class=\"elementor-section elementor-top-section elementor-element elementor-element-31af9d2 elementor-section-boxed elementor-section-height-default elementor-section-height-default\" data-id=\"31af9d2\" data-element_type=\"section\" data-e-type=\"section\">\n\t\t\t\t\t\t<div class=\"elementor-container elementor-column-gap-default\">\n\t\t\t\t\t<div class=\"elementor-column elementor-col-100 elementor-top-column elementor-element elementor-element-d0c0d58\" data-id=\"d0c0d58\" data-element_type=\"column\" data-e-type=\"column\">\n\t\t\t<div class=\"elementor-widget-wrap elementor-element-populated\">\n\t\t\t\t\t\t<div class=\"elementor-element elementor-element-f4eb138 elementor-widget elementor-widget-heading\" data-id=\"f4eb138\" data-element_type=\"widget\" data-e-type=\"widget\" data-widget_type=\"heading.default\">\n\t\t\t\t<div class=\"elementor-widget-container\">\n\t\t\t\t\t<h1 class=\"elementor-heading-title elementor-size-default\">Privacy policy<\/h1>\t\t\t\t<\/div>\n\t\t\t\t<\/div>\n\t\t\t\t<div class=\"elementor-element elementor-element-60154a8 elementor-widget elementor-widget-heading\" data-id=\"60154a8\" data-element_type=\"widget\" data-e-type=\"widget\" data-widget_type=\"heading.default\">\n\t\t\t\t<div class=\"elementor-widget-container\">\n\t\t\t\t\t<h2 class=\"elementor-heading-title elementor-size-default\">PRIVACY POLICIES OF THE legumbrestino.es WEBSITE<\/h2>\t\t\t\t<\/div>\n\t\t\t\t<\/div>\n\t\t\t\t<div class=\"elementor-element elementor-element-23a59f1 elementor-widget elementor-widget-text-editor\" data-id=\"23a59f1\" data-element_type=\"widget\" data-e-type=\"widget\" data-widget_type=\"text-editor.default\">\n\t\t\t\t<div class=\"elementor-widget-container\">\n\t\t\t\t\t\t\t\t\t<p>This privacy policy describes how we handle and protect the personal data of users who visit our website dedicated to the information and sale of pulses<\/p>\t\t\t\t\t\t\t\t<\/div>\n\t\t\t\t<\/div>\n\t\t\t\t<div class=\"elementor-element elementor-element-1d18b3a elementor-widget elementor-widget-heading\" data-id=\"1d18b3a\" data-element_type=\"widget\" data-e-type=\"widget\" data-widget_type=\"heading.default\">\n\t\t\t\t<div class=\"elementor-widget-container\">\n\t\t\t\t\t<h2 class=\"elementor-heading-title elementor-size-default\">I. INFORMATION COLLECTED<\/h2>\t\t\t\t<\/div>\n\t\t\t\t<\/div>\n\t\t\t\t<div class=\"elementor-element elementor-element-cdfcdf4 elementor-widget elementor-widget-text-editor\" data-id=\"cdfcdf4\" data-element_type=\"widget\" data-e-type=\"widget\" data-widget_type=\"text-editor.default\">\n\t\t\t\t<div class=\"elementor-widget-container\">\n\t\t\t\t\t\t\t\t\t<p>We collect personal information, such as name and email address, when a user registers on our website or wishes to subscribe to our site and company. We may also collect non-personal information, such as the type of browser a user uses, IP address and cookie information.<\/p>\t\t\t\t\t\t\t\t<\/div>\n\t\t\t\t<\/div>\n\t\t\t\t<div class=\"elementor-element elementor-element-13b9eeb elementor-widget elementor-widget-heading\" data-id=\"13b9eeb\" data-element_type=\"widget\" data-e-type=\"widget\" data-widget_type=\"heading.default\">\n\t\t\t\t<div class=\"elementor-widget-container\">\n\t\t\t\t\t<h2 class=\"elementor-heading-title elementor-size-default\">II. USE OF INFORMATION<\/h2>\t\t\t\t<\/div>\n\t\t\t\t<\/div>\n\t\t\t\t<div class=\"elementor-element elementor-element-c09c0e5 elementor-widget elementor-widget-text-editor\" data-id=\"c09c0e5\" data-element_type=\"widget\" data-e-type=\"widget\" data-widget_type=\"text-editor.default\">\n\t\t\t\t<div class=\"elementor-widget-container\">\n\t\t\t\t\t\t\t\t\t<p>We use the personal information collected to send information about products and services, respond to enquiries and provide technical support. We may also use personal information for marketing and promotional purposes, unless you tell us that you do not wish to receive marketing information.<\/p>\t\t\t\t\t\t\t\t<\/div>\n\t\t\t\t<\/div>\n\t\t\t\t<div class=\"elementor-element elementor-element-7f9785a elementor-widget elementor-widget-text-editor\" data-id=\"7f9785a\" data-element_type=\"widget\" data-e-type=\"widget\" data-widget_type=\"text-editor.default\">\n\t\t\t\t<div class=\"elementor-widget-container\">\n\t\t\t\t\t\t\t\t\t<p>Non-personal information is used to improve our website and for statistical purposes.<\/p>\t\t\t\t\t\t\t\t<\/div>\n\t\t\t\t<\/div>\n\t\t\t\t<div class=\"elementor-element elementor-element-80f4d3a elementor-widget elementor-widget-heading\" data-id=\"80f4d3a\" data-element_type=\"widget\" data-e-type=\"widget\" data-widget_type=\"heading.default\">\n\t\t\t\t<div class=\"elementor-widget-container\">\n\t\t\t\t\t<h2 class=\"elementor-heading-title elementor-size-default\">III. INFORMATION SHARING<\/h2>\t\t\t\t<\/div>\n\t\t\t\t<\/div>\n\t\t\t\t<div class=\"elementor-element elementor-element-b0fef43 elementor-widget elementor-widget-text-editor\" data-id=\"b0fef43\" data-element_type=\"widget\" data-e-type=\"widget\" data-widget_type=\"text-editor.default\">\n\t\t\t\t<div class=\"elementor-widget-container\">\n\t\t\t\t\t\t\t\t\t<p>We do not sell or rent personal information to third parties. We may share personal information with third party service providers who help us send emails and administer our website. These service providers have limited access to the personal information needed to perform their functions and must protect the information in accordance with this privacy policy.<\/p>\t\t\t\t\t\t\t\t<\/div>\n\t\t\t\t<\/div>\n\t\t\t\t<div class=\"elementor-element elementor-element-0e01846 elementor-widget elementor-widget-text-editor\" data-id=\"0e01846\" data-element_type=\"widget\" data-e-type=\"widget\" data-widget_type=\"text-editor.default\">\n\t\t\t\t<div class=\"elementor-widget-container\">\n\t\t\t\t\t\t\t\t\t<p>We may also disclose personal information if we are required to do so by law or if we believe that such disclosure is necessary to protect our legal rights<\/p>\t\t\t\t\t\t\t\t<\/div>\n\t\t\t\t<\/div>\n\t\t\t\t<div class=\"elementor-element elementor-element-28051da elementor-widget elementor-widget-heading\" data-id=\"28051da\" data-element_type=\"widget\" data-e-type=\"widget\" data-widget_type=\"heading.default\">\n\t\t\t\t<div class=\"elementor-widget-container\">\n\t\t\t\t\t<h2 class=\"elementor-heading-title elementor-size-default\">IV. INFORMATION SECURITY<\/h2>\t\t\t\t<\/div>\n\t\t\t\t<\/div>\n\t\t\t\t<div class=\"elementor-element elementor-element-5d883b6 elementor-widget elementor-widget-text-editor\" data-id=\"5d883b6\" data-element_type=\"widget\" data-e-type=\"widget\" data-widget_type=\"text-editor.default\">\n\t\t\t\t<div class=\"elementor-widget-container\">\n\t\t\t\t\t\t\t\t\t<p>We take reasonable steps to protect our users' personal information from unauthorised access, use or disclosure. We use physical, electronic and administrative security measures to protect information.<\/p>\t\t\t\t\t\t\t\t<\/div>\n\t\t\t\t<\/div>\n\t\t\t\t<div class=\"elementor-element elementor-element-cff3649 elementor-widget elementor-widget-heading\" data-id=\"cff3649\" data-element_type=\"widget\" data-e-type=\"widget\" data-widget_type=\"heading.default\">\n\t\t\t\t<div class=\"elementor-widget-container\">\n\t\t\t\t\t<h2 class=\"elementor-heading-title elementor-size-default\">V. COOKIES<\/h2>\t\t\t\t<\/div>\n\t\t\t\t<\/div>\n\t\t\t\t<div class=\"elementor-element elementor-element-a487771 elementor-widget elementor-widget-text-editor\" data-id=\"a487771\" data-element_type=\"widget\" data-e-type=\"widget\" data-widget_type=\"text-editor.default\">\n\t\t\t\t<div class=\"elementor-widget-container\">\n\t\t\t\t\t\t\t\t\t<p>We use cookies to collect non-personal information about the use of our website. Cookies are small text files that are stored on the user's hard drive. Cookies do not contain personal information and we cannot use them to identify a particular user.<\/p>\t\t\t\t\t\t\t\t<\/div>\n\t\t\t\t<\/div>\n\t\t\t\t<div class=\"elementor-element elementor-element-929aec4 elementor-widget elementor-widget-heading\" data-id=\"929aec4\" data-element_type=\"widget\" data-e-type=\"widget\" data-widget_type=\"heading.default\">\n\t\t\t\t<div class=\"elementor-widget-container\">\n\t\t\t\t\t<h2 class=\"elementor-heading-title elementor-size-default\">VI. LINKS TO THIRD PARTY WEBSITES<\/h2>\t\t\t\t<\/div>\n\t\t\t\t<\/div>\n\t\t\t\t<div class=\"elementor-element elementor-element-e491215 elementor-widget elementor-widget-text-editor\" data-id=\"e491215\" data-element_type=\"widget\" data-e-type=\"widget\" data-widget_type=\"text-editor.default\">\n\t\t\t\t<div class=\"elementor-widget-container\">\n\t\t\t\t\t\t\t\t\t<p>Our website may contain links to third party websites. We are not responsible for the content, privacy policy or terms of use of any third party website.<\/p>\t\t\t\t\t\t\t\t<\/div>\n\t\t\t\t<\/div>\n\t\t\t\t<div class=\"elementor-element elementor-element-057d913 elementor-widget elementor-widget-heading\" data-id=\"057d913\" data-element_type=\"widget\" data-e-type=\"widget\" data-widget_type=\"heading.default\">\n\t\t\t\t<div class=\"elementor-widget-container\">\n\t\t\t\t\t<h2 class=\"elementor-heading-title elementor-size-default\">VII. CHANGES TO THE PRIVACY POLICY<\/h2>\t\t\t\t<\/div>\n\t\t\t\t<\/div>\n\t\t\t\t<div class=\"elementor-element elementor-element-adf2fe9 elementor-widget elementor-widget-text-editor\" data-id=\"adf2fe9\" data-element_type=\"widget\" data-e-type=\"widget\" data-widget_type=\"text-editor.default\">\n\t\t\t\t<div class=\"elementor-widget-container\">\n\t\t\t\t\t\t\t\t\t<p>We reserve the right to modify this privacy policy at any time and without prior notice. Any changes will be effective immediately upon posting on this website.<\/p>\t\t\t\t\t\t\t\t<\/div>\n\t\t\t\t<\/div>\n\t\t\t\t<div class=\"elementor-element elementor-element-bc1da35 elementor-widget elementor-widget-text-editor\" data-id=\"bc1da35\" data-element_type=\"widget\" data-e-type=\"widget\" data-widget_type=\"text-editor.default\">\n\t\t\t\t<div class=\"elementor-widget-container\">\n\t\t\t\t\t\t\t\t\t<p>By using this website, you agree to all of the terms and conditions described above. If you do not agree with any of these terms and conditions, we recommend that you leave this website immediately<\/p>\t\t\t\t\t\t\t\t<\/div>\n\t\t\t\t<\/div>\n\t\t\t\t\t<\/div>\n\t\t<\/div>\n\t\t\t\t\t<\/div>\n\t\t<\/section>\n\t\t\t\t<\/div>","protected":false},"excerpt":{"rendered":"<p>Pol\u00edticas de privacidad POLITICAS DE PRIVACIDAD DEL SITIO WEB legumbrestino.es En esta pol\u00edtica de privacidad se describe c\u00f3mo se manejan y protegen los datos personales de los usuarios que visitan nuestro sitio web dedicado a la informaci\u00f3n y venta de legumbres I. INFORMACI\u00d3N RECOPILADA Recopilamos informaci\u00f3n personal, como nombre y direcci\u00f3n de correo electr\u00f3nico, cuando [&hellip;]<\/p>\n","protected":false},"author":1,"featured_media":0,"parent":0,"menu_order":0,"comment_status":"closed","ping_status":"closed","template":"","meta":{"site-sidebar-layout":"no-sidebar","site-content-layout":"page-builder","ast-site-content-layout":"default","site-content-style":"default","site-sidebar-style":"default","ast-global-header-display":"","ast-banner-title-visibility":"","ast-main-header-display":"","ast-hfb-above-header-display":"","ast-hfb-below-header-display":"","ast-hfb-mobile-header-display":"","site-post-title":"disabled","ast-breadcrumbs-content":"","ast-featured-img":"disabled","footer-sml-layout":"","ast-disable-related-posts":"","theme-transparent-header-meta":"","adv-header-id-meta":"","stick-header-meta":"","header-above-stick-meta":"","header-main-stick-meta":"","header-below-stick-meta":"","astra-migrate-meta-layouts":"default","ast-page-background-enabled":"default","ast-page-background-meta":{"desktop":{"background-color":"var(--ast-global-color-4)","background-image":"","background-repeat":"repeat","background-position":"center center","background-size":"auto","background-attachment":"scroll","background-type":"","background-media":"","overlay-type":"","overlay-color":"","overlay-opacity":"","overlay-gradient":""},"tablet":{"background-color":"","background-image":"","background-repeat":"repeat","background-position":"center center","background-size":"auto","background-attachment":"scroll","background-type":"","background-media":"","overlay-type":"","overlay-color":"","overlay-opacity":"","overlay-gradient":""},"mobile":{"background-color":"","background-image":"","background-repeat":"repeat","background-position":"center center","background-size":"auto","background-attachment":"scroll","background-type":"","background-media":"","overlay-type":"","overlay-color":"","overlay-opacity":"","overlay-gradient":""}},"ast-content-background-meta":{"desktop":{"background-color":"var(--ast-global-color-5)","background-image":"","background-repeat":"repeat","background-position":"center center","background-size":"auto","background-attachment":"scroll","background-type":"","background-media":"","overlay-type":"","overlay-color":"","overlay-opacity":"","overlay-gradient":""},"tablet":{"background-color":"var(--ast-global-color-5)","background-image":"","background-repeat":"repeat","background-position":"center center","background-size":"auto","background-attachment":"scroll","background-type":"","background-media":"","overlay-type":"","overlay-color":"","overlay-opacity":"","overlay-gradient":""},"mobile":{"background-color":"var(--ast-global-color-5)","background-image":"","background-repeat":"repeat","background-position":"center center","background-size":"auto","background-attachment":"scroll","background-type":"","background-media":"","overlay-type":"","overlay-color":"","overlay-opacity":"","overlay-gradient":""}},"_joinchat":[],"footnotes":""},"class_list":["post-191","page","type-page","status-publish","hentry"],"yoast_head":"<!-- This site is optimized with the Yoast SEO plugin v27.4 - https:\/\/yoast.com\/product\/yoast-seo-wordpress\/ -->\n<title>Pol\u00edticas de privacidad Legumbres Tino | Legumbres Tino<\/title>\n<meta name=\"description\" content=\"Pol\u00edticas de privacidad del sitio web https:\/\/legumbrestino.es\/\" \/>\n<meta name=\"robots\" content=\"index, follow, max-snippet:-1, max-image-preview:large, max-video-preview:-1\" \/>\n<link rel=\"canonical\" href=\"https:\/\/legumbrestino.es\/en\/politicas-de-privacidad-legumbrestino\/\" \/>\n<meta property=\"og:locale\" content=\"en_GB\" \/>\n<meta property=\"og:type\" content=\"article\" \/>\n<meta property=\"og:title\" content=\"Pol\u00edticas de privacidad Legumbres Tino | Legumbres Tino\" \/>\n<meta property=\"og:description\" content=\"Pol\u00edticas de privacidad del sitio web https:\/\/legumbrestino.es\/\" \/>\n<meta property=\"og:url\" content=\"https:\/\/legumbrestino.es\/en\/politicas-de-privacidad-legumbrestino\/\" \/>\n<meta property=\"og:site_name\" content=\"Legumbres Tino\" \/>\n<meta property=\"article:modified_time\" content=\"2023-10-23T09:12:43+00:00\" \/>\n<meta name=\"twitter:card\" content=\"summary_large_image\" \/>\n<meta name=\"twitter:label1\" content=\"Estimated reading time\" \/>\n\t<meta name=\"twitter:data1\" content=\"3 minutes\" \/>\n<script type=\"application\/ld+json\" class=\"yoast-schema-graph\">{\"@context\":\"https:\\\/\\\/schema.org\",\"@graph\":[{\"@type\":\"WebPage\",\"@id\":\"https:\\\/\\\/legumbrestino.es\\\/politicas-de-privacidad-legumbrestino\\\/\",\"url\":\"https:\\\/\\\/legumbrestino.es\\\/politicas-de-privacidad-legumbrestino\\\/\",\"name\":\"Pol\u00edticas de privacidad Legumbres Tino | Legumbres Tino\",\"isPartOf\":{\"@id\":\"https:\\\/\\\/legumbrestino.es\\\/#website\"},\"datePublished\":\"2023-04-20T06:20:29+00:00\",\"dateModified\":\"2023-10-23T09:12:43+00:00\",\"description\":\"Pol\u00edticas de privacidad del sitio web https:\\\/\\\/legumbrestino.es\\\/\",\"breadcrumb\":{\"@id\":\"https:\\\/\\\/legumbrestino.es\\\/politicas-de-privacidad-legumbrestino\\\/#breadcrumb\"},\"inLanguage\":\"en-GB\",\"potentialAction\":[{\"@type\":\"ReadAction\",\"target\":[\"https:\\\/\\\/legumbrestino.es\\\/politicas-de-privacidad-legumbrestino\\\/\"]}]},{\"@type\":\"BreadcrumbList\",\"@id\":\"https:\\\/\\\/legumbrestino.es\\\/politicas-de-privacidad-legumbrestino\\\/#breadcrumb\",\"itemListElement\":[{\"@type\":\"ListItem\",\"position\":1,\"name\":\"Portada\",\"item\":\"https:\\\/\\\/legumbrestino.es\\\/\"},{\"@type\":\"ListItem\",\"position\":2,\"name\":\"Pol\u00edticas de privacidad\"}]},{\"@type\":\"WebSite\",\"@id\":\"https:\\\/\\\/legumbrestino.es\\\/#website\",\"url\":\"https:\\\/\\\/legumbrestino.es\\\/\",\"name\":\"Legumbres Tino\",\"description\":\"Legumbres Tino, una empresa familiar dedicada al cultivo de legumbres desde 1948.\",\"publisher\":{\"@id\":\"https:\\\/\\\/legumbrestino.es\\\/#organization\"},\"potentialAction\":[{\"@type\":\"SearchAction\",\"target\":{\"@type\":\"EntryPoint\",\"urlTemplate\":\"https:\\\/\\\/legumbrestino.es\\\/?s={search_term_string}\"},\"query-input\":{\"@type\":\"PropertyValueSpecification\",\"valueRequired\":true,\"valueName\":\"search_term_string\"}}],\"inLanguage\":\"en-GB\"},{\"@type\":\"Organization\",\"@id\":\"https:\\\/\\\/legumbrestino.es\\\/#organization\",\"name\":\"Legumbres Tino\",\"url\":\"https:\\\/\\\/legumbrestino.es\\\/\",\"logo\":{\"@type\":\"ImageObject\",\"inLanguage\":\"en-GB\",\"@id\":\"https:\\\/\\\/legumbrestino.es\\\/#\\\/schema\\\/logo\\\/image\\\/\",\"url\":\"https:\\\/\\\/legumbrestino.es\\\/wp-content\\\/uploads\\\/2023\\\/04\\\/cropped-logo-legumbretino.jpeg\",\"contentUrl\":\"https:\\\/\\\/legumbrestino.es\\\/wp-content\\\/uploads\\\/2023\\\/04\\\/cropped-logo-legumbretino.jpeg\",\"width\":248,\"height\":183,\"caption\":\"Legumbres Tino\"},\"image\":{\"@id\":\"https:\\\/\\\/legumbrestino.es\\\/#\\\/schema\\\/logo\\\/image\\\/\"}}]}<\/script>\n<!-- \/ Yoast SEO plugin. -->","yoast_head_json":{"title":"Pol\u00edticas de privacidad Legumbres Tino | Legumbres Tino","description":"Pol\u00edticas de privacidad del sitio web https:\/\/legumbrestino.es\/","robots":{"index":"index","follow":"follow","max-snippet":"max-snippet:-1","max-image-preview":"max-image-preview:large","max-video-preview":"max-video-preview:-1"},"canonical":"https:\/\/legumbrestino.es\/en\/politicas-de-privacidad-legumbrestino\/","og_locale":"en_GB","og_type":"article","og_title":"Pol\u00edticas de privacidad Legumbres Tino | Legumbres Tino","og_description":"Pol\u00edticas de privacidad del sitio web https:\/\/legumbrestino.es\/","og_url":"https:\/\/legumbrestino.es\/en\/politicas-de-privacidad-legumbrestino\/","og_site_name":"Legumbres Tino","article_modified_time":"2023-10-23T09:12:43+00:00","twitter_card":"summary_large_image","twitter_misc":{"Estimated reading time":"3 minutes"},"schema":{"@context":"https:\/\/schema.org","@graph":[{"@type":"WebPage","@id":"https:\/\/legumbrestino.es\/politicas-de-privacidad-legumbrestino\/","url":"https:\/\/legumbrestino.es\/politicas-de-privacidad-legumbrestino\/","name":"Pol\u00edticas de privacidad Legumbres Tino | Legumbres Tino","isPartOf":{"@id":"https:\/\/legumbrestino.es\/#website"},"datePublished":"2023-04-20T06:20:29+00:00","dateModified":"2023-10-23T09:12:43+00:00","description":"Pol\u00edticas de privacidad del sitio web https:\/\/legumbrestino.es\/","breadcrumb":{"@id":"https:\/\/legumbrestino.es\/politicas-de-privacidad-legumbrestino\/#breadcrumb"},"inLanguage":"en-GB","potentialAction":[{"@type":"ReadAction","target":["https:\/\/legumbrestino.es\/politicas-de-privacidad-legumbrestino\/"]}]},{"@type":"BreadcrumbList","@id":"https:\/\/legumbrestino.es\/politicas-de-privacidad-legumbrestino\/#breadcrumb","itemListElement":[{"@type":"ListItem","position":1,"name":"Portada","item":"https:\/\/legumbrestino.es\/"},{"@type":"ListItem","position":2,"name":"Pol\u00edticas de privacidad"}]},{"@type":"WebSite","@id":"https:\/\/legumbrestino.es\/#website","url":"https:\/\/legumbrestino.es\/","name":"Legumbres Tino","description":"Legumbres Tino, una empresa familiar dedicada al cultivo de legumbres desde 1948.","publisher":{"@id":"https:\/\/legumbrestino.es\/#organization"},"potentialAction":[{"@type":"SearchAction","target":{"@type":"EntryPoint","urlTemplate":"https:\/\/legumbrestino.es\/?s={search_term_string}"},"query-input":{"@type":"PropertyValueSpecification","valueRequired":true,"valueName":"search_term_string"}}],"inLanguage":"en-GB"},{"@type":"Organization","@id":"https:\/\/legumbrestino.es\/#organization","name":"Legumbres Tino","url":"https:\/\/legumbrestino.es\/","logo":{"@type":"ImageObject","inLanguage":"en-GB","@id":"https:\/\/legumbrestino.es\/#\/schema\/logo\/image\/","url":"https:\/\/legumbrestino.es\/wp-content\/uploads\/2023\/04\/cropped-logo-legumbretino.jpeg","contentUrl":"https:\/\/legumbrestino.es\/wp-content\/uploads\/2023\/04\/cropped-logo-legumbretino.jpeg","width":248,"height":183,"caption":"Legumbres Tino"},"image":{"@id":"https:\/\/legumbrestino.es\/#\/schema\/logo\/image\/"}}]}},"_links":{"self":[{"href":"https:\/\/legumbrestino.es\/en\/wp-json\/wp\/v2\/pages\/191","targetHints":{"allow":["GET"]}}],"collection":[{"href":"https:\/\/legumbrestino.es\/en\/wp-json\/wp\/v2\/pages"}],"about":[{"href":"https:\/\/legumbrestino.es\/en\/wp-json\/wp\/v2\/types\/page"}],"author":[{"embeddable":true,"href":"https:\/\/legumbrestino.es\/en\/wp-json\/wp\/v2\/users\/1"}],"replies":[{"embeddable":true,"href":"https:\/\/legumbrestino.es\/en\/wp-json\/wp\/v2\/comments?post=191"}],"version-history":[{"count":17,"href":"https:\/\/legumbrestino.es\/en\/wp-json\/wp\/v2\/pages\/191\/revisions"}],"predecessor-version":[{"id":772,"href":"https:\/\/legumbrestino.es\/en\/wp-json\/wp\/v2\/pages\/191\/revisions\/772"}],"wp:attachment":[{"href":"https:\/\/legumbrestino.es\/en\/wp-json\/wp\/v2\/media?parent=191"}],"curies":[{"name":"wp","href":"https:\/\/api.w.org\/{rel}","templated":true}]}}