{"id":354,"date":"2023-04-20T08:03:35","date_gmt":"2023-04-20T08:03:35","guid":{"rendered":"https:\/\/legumbrestino.es\/?page_id=354"},"modified":"2023-04-22T13:38:41","modified_gmt":"2023-04-22T13:38:41","slug":"accesibilidad-legumbrestino","status":"publish","type":"page","link":"https:\/\/legumbrestino.es\/en\/accesibilidad-legumbrestino\/","title":{"rendered":"Accessibility"},"content":{"rendered":"<div data-elementor-type=\"wp-page\" data-elementor-id=\"354\" class=\"elementor elementor-354\">\n\t\t\t\t\t\t<section class=\"elementor-section elementor-top-section elementor-element elementor-element-5edc3e9 elementor-section-boxed elementor-section-height-default elementor-section-height-default\" data-id=\"5edc3e9\" data-element_type=\"section\" data-e-type=\"section\">\n\t\t\t\t\t\t<div class=\"elementor-container elementor-column-gap-default\">\n\t\t\t\t\t<div class=\"elementor-column elementor-col-100 elementor-top-column elementor-element elementor-element-02e73ee\" data-id=\"02e73ee\" data-element_type=\"column\" data-e-type=\"column\">\n\t\t\t<div class=\"elementor-widget-wrap elementor-element-populated\">\n\t\t\t\t\t\t<div class=\"elementor-element elementor-element-82a3fab elementor-widget elementor-widget-heading\" data-id=\"82a3fab\" data-element_type=\"widget\" data-e-type=\"widget\" data-widget_type=\"heading.default\">\n\t\t\t\t<div class=\"elementor-widget-container\">\n\t\t\t\t\t<h2 class=\"elementor-heading-title elementor-size-default\">Accessibility<\/h2>\t\t\t\t<\/div>\n\t\t\t\t<\/div>\n\t\t\t\t<div class=\"elementor-element elementor-element-e623ea6 elementor-widget elementor-widget-text-editor\" data-id=\"e623ea6\" data-element_type=\"widget\" data-e-type=\"widget\" data-widget_type=\"text-editor.default\">\n\t\t\t\t<div class=\"elementor-widget-container\">\n\t\t\t\t\t\t\t\t\t<p>Legumbres Tino is committed to making its website accessible in accordance with the\u00a0 <a title=\"Real Decreto 1112\/2018, de 7 de septiembre, sobre accesibilidad de los sitios web y aplicaciones para dispositivos m\u00f3viles del sector p\u00fablico (Abre en nueva ventana)\" href=\"https:\/\/www.boe.es\/diario_boe\/txt.php?id=BOE-A-2018-12699\" target=\"_blank\" rel=\"noopener noreferrer\">Real Decreto 1112\/2018, de 7 de septiembre, sobre accesibilidad de los sitios web y aplicaciones para dispositivos m\u00f3viles del sector p\u00fablico<img decoding=\"async\" class=\"ventana-nueva-next\" src=\"https:\/\/administracion.gob.es\/resources\/templating-kit\/themes\/pag\/img\/general\/icons\/ico_enlace.png\" alt=\"(Abre en nueva ventana)\" \/><\/a>\u00a0.<\/p><p class=\"textojustificado\">This accessibility statement applies to the website <a href=\"https:\/\/legumbrestino.es\/en\/\">legumbrestino.es<\/a> , excluding embedded content from other domains.<\/p><p class=\"textojustificado\">This website is partially compliant with the\u00a0\u00a0<a title=\"RD 1112\/2018 (Abre en nueva ventana)\" href=\"https:\/\/www.boe.es\/buscar\/act.php?id=BOE-A-2018-12699\" target=\"_blank\" rel=\"noopener noreferrer\">RD 1112\/2018<img decoding=\"async\" class=\"ventana-nueva-next\" src=\"https:\/\/administracion.gob.es\/resources\/templating-kit\/themes\/pag\/img\/general\/icons\/ico_enlace.png\" alt=\"(Abre en nueva ventana)\" \/><\/a>\u00a0, The Commission has also identified a number of issues for which there are exceptions and non-compliance.<\/p><p class=\"textojustificado\">In order to improve the accessibility experience, a tool has been installed at the bottom left of the screen.<\/p>\t\t\t\t\t\t\t\t<\/div>\n\t\t\t\t<\/div>\n\t\t\t\t\t<\/div>\n\t\t<\/div>\n\t\t\t\t\t<\/div>\n\t\t<\/section>\n\t\t\t\t<\/div>","protected":false},"excerpt":{"rendered":"<p>Accesibilidad Legumbres Tino&nbsp; se ha comprometido a hacer accesible su sitio web de conformidad con el&nbsp; Real Decreto 1112\/2018, de 7 de septiembre, sobre accesibilidad de los sitios web y aplicaciones para dispositivos m\u00f3viles del sector p\u00fablico&nbsp;. La presente declaraci\u00f3n de accesibilidad se aplica al sitio web legumbrestino.es , excluyendo los contenidos incrustados provenientes de [&hellip;]<\/p>\n","protected":false},"author":1,"featured_media":0,"parent":0,"menu_order":0,"comment_status":"closed","ping_status":"closed","template":"","meta":{"site-sidebar-layout":"no-sidebar","site-content-layout":"page-builder","ast-site-content-layout":"default","site-content-style":"default","site-sidebar-style":"default","ast-global-header-display":"","ast-banner-title-visibility":"","ast-main-header-display":"","ast-hfb-above-header-display":"","ast-hfb-below-header-display":"","ast-hfb-mobile-header-display":"","site-post-title":"disabled","ast-breadcrumbs-content":"","ast-featured-img":"disabled","footer-sml-layout":"","ast-disable-related-posts":"","theme-transparent-header-meta":"","adv-header-id-meta":"","stick-header-meta":"","header-above-stick-meta":"","header-main-stick-meta":"","header-below-stick-meta":"","astra-migrate-meta-layouts":"default","ast-page-background-enabled":"default","ast-page-background-meta":{"desktop":{"background-color":"var(--ast-global-color-4)","background-image":"","background-repeat":"repeat","background-position":"center center","background-size":"auto","background-attachment":"scroll","background-type":"","background-media":"","overlay-type":"","overlay-color":"","overlay-opacity":"","overlay-gradient":""},"tablet":{"background-color":"","background-image":"","background-repeat":"repeat","background-position":"center center","background-size":"auto","background-attachment":"scroll","background-type":"","background-media":"","overlay-type":"","overlay-color":"","overlay-opacity":"","overlay-gradient":""},"mobile":{"background-color":"","background-image":"","background-repeat":"repeat","background-position":"center center","background-size":"auto","background-attachment":"scroll","background-type":"","background-media":"","overlay-type":"","overlay-color":"","overlay-opacity":"","overlay-gradient":""}},"ast-content-background-meta":{"desktop":{"background-color":"var(--ast-global-color-5)","background-image":"","background-repeat":"repeat","background-position":"center center","background-size":"auto","background-attachment":"scroll","background-type":"","background-media":"","overlay-type":"","overlay-color":"","overlay-opacity":"","overlay-gradient":""},"tablet":{"background-color":"var(--ast-global-color-5)","background-image":"","background-repeat":"repeat","background-position":"center center","background-size":"auto","background-attachment":"scroll","background-type":"","background-media":"","overlay-type":"","overlay-color":"","overlay-opacity":"","overlay-gradient":""},"mobile":{"background-color":"var(--ast-global-color-5)","background-image":"","background-repeat":"repeat","background-position":"center center","background-size":"auto","background-attachment":"scroll","background-type":"","background-media":"","overlay-type":"","overlay-color":"","overlay-opacity":"","overlay-gradient":""}},"_joinchat":[],"footnotes":""},"class_list":["post-354","page","type-page","status-publish","hentry"],"yoast_head":"<!-- This site is optimized with the Yoast SEO plugin v27.4 - https:\/\/yoast.com\/product\/yoast-seo-wordpress\/ -->\n<title>Accesibilidad Legumbres Tino | Legumbres Tino<\/title>\n<meta name=\"description\" content=\"Legumbres Tino\u00a0 se ha comprometido a hacer accesible su sitio web de conformidad con el\u00a0 Real Decreto 1112\/2018, de 7 de septiembre, sobre accesibilidad\" \/>\n<meta name=\"robots\" content=\"index, follow, max-snippet:-1, max-image-preview:large, max-video-preview:-1\" \/>\n<link rel=\"canonical\" href=\"https:\/\/legumbrestino.es\/en\/accesibilidad-legumbrestino\/\" \/>\n<meta property=\"og:locale\" content=\"en_GB\" \/>\n<meta property=\"og:type\" content=\"article\" \/>\n<meta property=\"og:title\" content=\"Accesibilidad Legumbres Tino | Legumbres Tino\" \/>\n<meta property=\"og:description\" content=\"Legumbres Tino\u00a0 se ha comprometido a hacer accesible su sitio web de conformidad con el\u00a0 Real Decreto 1112\/2018, de 7 de septiembre, sobre accesibilidad\" \/>\n<meta property=\"og:url\" content=\"https:\/\/legumbrestino.es\/en\/accesibilidad-legumbrestino\/\" \/>\n<meta property=\"og:site_name\" content=\"Legumbres Tino\" \/>\n<meta property=\"article:modified_time\" content=\"2023-04-22T13:38:41+00:00\" \/>\n<meta property=\"og:image\" content=\"https:\/\/administracion.gob.es\/resources\/templating-kit\/themes\/pag\/img\/general\/icons\/ico_enlace.png\" \/>\n<meta name=\"twitter:card\" content=\"summary_large_image\" \/>\n<meta name=\"twitter:label1\" content=\"Estimated reading time\" \/>\n\t<meta name=\"twitter:data1\" content=\"1 minute\" \/>\n<script type=\"application\/ld+json\" class=\"yoast-schema-graph\">{\"@context\":\"https:\\\/\\\/schema.org\",\"@graph\":[{\"@type\":\"WebPage\",\"@id\":\"https:\\\/\\\/legumbrestino.es\\\/accesibilidad-legumbrestino\\\/\",\"url\":\"https:\\\/\\\/legumbrestino.es\\\/accesibilidad-legumbrestino\\\/\",\"name\":\"Accesibilidad Legumbres Tino | Legumbres Tino\",\"isPartOf\":{\"@id\":\"https:\\\/\\\/legumbrestino.es\\\/#website\"},\"primaryImageOfPage\":{\"@id\":\"https:\\\/\\\/legumbrestino.es\\\/accesibilidad-legumbrestino\\\/#primaryimage\"},\"image\":{\"@id\":\"https:\\\/\\\/legumbrestino.es\\\/accesibilidad-legumbrestino\\\/#primaryimage\"},\"thumbnailUrl\":\"https:\\\/\\\/administracion.gob.es\\\/resources\\\/templating-kit\\\/themes\\\/pag\\\/img\\\/general\\\/icons\\\/ico_enlace.png\",\"datePublished\":\"2023-04-20T08:03:35+00:00\",\"dateModified\":\"2023-04-22T13:38:41+00:00\",\"description\":\"Legumbres Tino\u00a0 se ha comprometido a hacer accesible su sitio web de conformidad con el\u00a0 Real Decreto 1112\\\/2018, de 7 de septiembre, sobre accesibilidad\",\"breadcrumb\":{\"@id\":\"https:\\\/\\\/legumbrestino.es\\\/accesibilidad-legumbrestino\\\/#breadcrumb\"},\"inLanguage\":\"en-GB\",\"potentialAction\":[{\"@type\":\"ReadAction\",\"target\":[\"https:\\\/\\\/legumbrestino.es\\\/accesibilidad-legumbrestino\\\/\"]}]},{\"@type\":\"ImageObject\",\"inLanguage\":\"en-GB\",\"@id\":\"https:\\\/\\\/legumbrestino.es\\\/accesibilidad-legumbrestino\\\/#primaryimage\",\"url\":\"https:\\\/\\\/administracion.gob.es\\\/resources\\\/templating-kit\\\/themes\\\/pag\\\/img\\\/general\\\/icons\\\/ico_enlace.png\",\"contentUrl\":\"https:\\\/\\\/administracion.gob.es\\\/resources\\\/templating-kit\\\/themes\\\/pag\\\/img\\\/general\\\/icons\\\/ico_enlace.png\"},{\"@type\":\"BreadcrumbList\",\"@id\":\"https:\\\/\\\/legumbrestino.es\\\/accesibilidad-legumbrestino\\\/#breadcrumb\",\"itemListElement\":[{\"@type\":\"ListItem\",\"position\":1,\"name\":\"Portada\",\"item\":\"https:\\\/\\\/legumbrestino.es\\\/\"},{\"@type\":\"ListItem\",\"position\":2,\"name\":\"Accesibilidad\"}]},{\"@type\":\"WebSite\",\"@id\":\"https:\\\/\\\/legumbrestino.es\\\/#website\",\"url\":\"https:\\\/\\\/legumbrestino.es\\\/\",\"name\":\"Legumbres Tino\",\"description\":\"Legumbres Tino, una empresa familiar dedicada al cultivo de legumbres desde 1948.\",\"publisher\":{\"@id\":\"https:\\\/\\\/legumbrestino.es\\\/#organization\"},\"potentialAction\":[{\"@type\":\"SearchAction\",\"target\":{\"@type\":\"EntryPoint\",\"urlTemplate\":\"https:\\\/\\\/legumbrestino.es\\\/?s={search_term_string}\"},\"query-input\":{\"@type\":\"PropertyValueSpecification\",\"valueRequired\":true,\"valueName\":\"search_term_string\"}}],\"inLanguage\":\"en-GB\"},{\"@type\":\"Organization\",\"@id\":\"https:\\\/\\\/legumbrestino.es\\\/#organization\",\"name\":\"Legumbres Tino\",\"url\":\"https:\\\/\\\/legumbrestino.es\\\/\",\"logo\":{\"@type\":\"ImageObject\",\"inLanguage\":\"en-GB\",\"@id\":\"https:\\\/\\\/legumbrestino.es\\\/#\\\/schema\\\/logo\\\/image\\\/\",\"url\":\"https:\\\/\\\/legumbrestino.es\\\/wp-content\\\/uploads\\\/2023\\\/04\\\/cropped-logo-legumbretino.jpeg\",\"contentUrl\":\"https:\\\/\\\/legumbrestino.es\\\/wp-content\\\/uploads\\\/2023\\\/04\\\/cropped-logo-legumbretino.jpeg\",\"width\":248,\"height\":183,\"caption\":\"Legumbres Tino\"},\"image\":{\"@id\":\"https:\\\/\\\/legumbrestino.es\\\/#\\\/schema\\\/logo\\\/image\\\/\"}}]}<\/script>\n<!-- \/ Yoast SEO plugin. -->","yoast_head_json":{"title":"Accesibilidad Legumbres Tino | Legumbres Tino","description":"Legumbres Tino\u00a0 se ha comprometido a hacer accesible su sitio web de conformidad con el\u00a0 Real Decreto 1112\/2018, de 7 de septiembre, sobre accesibilidad","robots":{"index":"index","follow":"follow","max-snippet":"max-snippet:-1","max-image-preview":"max-image-preview:large","max-video-preview":"max-video-preview:-1"},"canonical":"https:\/\/legumbrestino.es\/en\/accesibilidad-legumbrestino\/","og_locale":"en_GB","og_type":"article","og_title":"Accesibilidad Legumbres Tino | Legumbres Tino","og_description":"Legumbres Tino\u00a0 se ha comprometido a hacer accesible su sitio web de conformidad con el\u00a0 Real Decreto 1112\/2018, de 7 de septiembre, sobre accesibilidad","og_url":"https:\/\/legumbrestino.es\/en\/accesibilidad-legumbrestino\/","og_site_name":"Legumbres Tino","article_modified_time":"2023-04-22T13:38:41+00:00","og_image":[{"url":"https:\/\/administracion.gob.es\/resources\/templating-kit\/themes\/pag\/img\/general\/icons\/ico_enlace.png","type":"","width":"","height":""}],"twitter_card":"summary_large_image","twitter_misc":{"Estimated reading time":"1 minute"},"schema":{"@context":"https:\/\/schema.org","@graph":[{"@type":"WebPage","@id":"https:\/\/legumbrestino.es\/accesibilidad-legumbrestino\/","url":"https:\/\/legumbrestino.es\/accesibilidad-legumbrestino\/","name":"Accesibilidad Legumbres Tino | Legumbres Tino","isPartOf":{"@id":"https:\/\/legumbrestino.es\/#website"},"primaryImageOfPage":{"@id":"https:\/\/legumbrestino.es\/accesibilidad-legumbrestino\/#primaryimage"},"image":{"@id":"https:\/\/legumbrestino.es\/accesibilidad-legumbrestino\/#primaryimage"},"thumbnailUrl":"https:\/\/administracion.gob.es\/resources\/templating-kit\/themes\/pag\/img\/general\/icons\/ico_enlace.png","datePublished":"2023-04-20T08:03:35+00:00","dateModified":"2023-04-22T13:38:41+00:00","description":"Legumbres Tino\u00a0 se ha comprometido a hacer accesible su sitio web de conformidad con el\u00a0 Real Decreto 1112\/2018, de 7 de septiembre, sobre accesibilidad","breadcrumb":{"@id":"https:\/\/legumbrestino.es\/accesibilidad-legumbrestino\/#breadcrumb"},"inLanguage":"en-GB","potentialAction":[{"@type":"ReadAction","target":["https:\/\/legumbrestino.es\/accesibilidad-legumbrestino\/"]}]},{"@type":"ImageObject","inLanguage":"en-GB","@id":"https:\/\/legumbrestino.es\/accesibilidad-legumbrestino\/#primaryimage","url":"https:\/\/administracion.gob.es\/resources\/templating-kit\/themes\/pag\/img\/general\/icons\/ico_enlace.png","contentUrl":"https:\/\/administracion.gob.es\/resources\/templating-kit\/themes\/pag\/img\/general\/icons\/ico_enlace.png"},{"@type":"BreadcrumbList","@id":"https:\/\/legumbrestino.es\/accesibilidad-legumbrestino\/#breadcrumb","itemListElement":[{"@type":"ListItem","position":1,"name":"Portada","item":"https:\/\/legumbrestino.es\/"},{"@type":"ListItem","position":2,"name":"Accesibilidad"}]},{"@type":"WebSite","@id":"https:\/\/legumbrestino.es\/#website","url":"https:\/\/legumbrestino.es\/","name":"Legumbres Tino","description":"Legumbres Tino, una empresa familiar dedicada al cultivo de legumbres desde 1948.","publisher":{"@id":"https:\/\/legumbrestino.es\/#organization"},"potentialAction":[{"@type":"SearchAction","target":{"@type":"EntryPoint","urlTemplate":"https:\/\/legumbrestino.es\/?s={search_term_string}"},"query-input":{"@type":"PropertyValueSpecification","valueRequired":true,"valueName":"search_term_string"}}],"inLanguage":"en-GB"},{"@type":"Organization","@id":"https:\/\/legumbrestino.es\/#organization","name":"Legumbres Tino","url":"https:\/\/legumbrestino.es\/","logo":{"@type":"ImageObject","inLanguage":"en-GB","@id":"https:\/\/legumbrestino.es\/#\/schema\/logo\/image\/","url":"https:\/\/legumbrestino.es\/wp-content\/uploads\/2023\/04\/cropped-logo-legumbretino.jpeg","contentUrl":"https:\/\/legumbrestino.es\/wp-content\/uploads\/2023\/04\/cropped-logo-legumbretino.jpeg","width":248,"height":183,"caption":"Legumbres Tino"},"image":{"@id":"https:\/\/legumbrestino.es\/#\/schema\/logo\/image\/"}}]}},"_links":{"self":[{"href":"https:\/\/legumbrestino.es\/en\/wp-json\/wp\/v2\/pages\/354","targetHints":{"allow":["GET"]}}],"collection":[{"href":"https:\/\/legumbrestino.es\/en\/wp-json\/wp\/v2\/pages"}],"about":[{"href":"https:\/\/legumbrestino.es\/en\/wp-json\/wp\/v2\/types\/page"}],"author":[{"embeddable":true,"href":"https:\/\/legumbrestino.es\/en\/wp-json\/wp\/v2\/users\/1"}],"replies":[{"embeddable":true,"href":"https:\/\/legumbrestino.es\/en\/wp-json\/wp\/v2\/comments?post=354"}],"version-history":[{"count":9,"href":"https:\/\/legumbrestino.es\/en\/wp-json\/wp\/v2\/pages\/354\/revisions"}],"predecessor-version":[{"id":723,"href":"https:\/\/legumbrestino.es\/en\/wp-json\/wp\/v2\/pages\/354\/revisions\/723"}],"wp:attachment":[{"href":"https:\/\/legumbrestino.es\/en\/wp-json\/wp\/v2\/media?parent=354"}],"curies":[{"name":"wp","href":"https:\/\/api.w.org\/{rel}","templated":true}]}}