{"id":525,"date":"2023-04-21T08:25:24","date_gmt":"2023-04-21T08:25:24","guid":{"rendered":"https:\/\/legumbrestino.es\/?page_id=525"},"modified":"2023-05-24T07:47:07","modified_gmt":"2023-05-24T07:47:07","slug":"donde-estamos-legumbrestino","status":"publish","type":"page","link":"https:\/\/legumbrestino.es\/en\/donde-estamos-legumbrestino\/","title":{"rendered":"Donde estamos"},"content":{"rendered":"<div data-elementor-type=\"wp-page\" data-elementor-id=\"525\" class=\"elementor elementor-525\">\n\t\t\t\t\t\t<section class=\"elementor-section elementor-top-section elementor-element elementor-element-53ac97a8 elementor-section-content-middle elementor-reverse-mobile elementor-section-boxed elementor-section-height-default elementor-section-height-default\" data-id=\"53ac97a8\" data-element_type=\"section\" data-e-type=\"section\">\n\t\t\t\t\t\t<div class=\"elementor-container elementor-column-gap-no\">\n\t\t\t\t\t<div class=\"elementor-column elementor-col-50 elementor-top-column elementor-element elementor-element-40ac446b\" data-id=\"40ac446b\" data-element_type=\"column\" data-e-type=\"column\">\n\t\t\t<div class=\"elementor-widget-wrap elementor-element-populated\">\n\t\t\t\t\t\t<div class=\"elementor-element elementor-element-117f8991 elementor-widget elementor-widget-google_maps\" data-id=\"117f8991\" data-element_type=\"widget\" data-e-type=\"widget\" data-widget_type=\"google_maps.default\">\n\t\t\t\t<div class=\"elementor-widget-container\">\n\t\t\t\t\t\t\t<div class=\"elementor-custom-embed\">\n\t\t\t<iframe loading=\"lazy\"\n\t\t\t\t\tsrc=\"https:\/\/maps.google.com\/maps?q=Calle%20Cotaniello%2C%2035%2C%2033829%20Grullos%2C%20Asturias&#038;t=m&#038;z=18&#038;output=embed&#038;iwloc=near\"\n\t\t\t\t\ttitle=\"Calle Cotaniello, 35, 33829 Grullos, Asturias\"\n\t\t\t\t\taria-label=\"Calle Cotaniello, 35, 33829 Grullos, Asturias\"\n\t\t\t><\/iframe>\n\t\t<\/div>\n\t\t\t\t\t\t<\/div>\n\t\t\t\t<\/div>\n\t\t\t\t\t<\/div>\n\t\t<\/div>\n\t\t\t\t<div class=\"elementor-column elementor-col-50 elementor-top-column elementor-element elementor-element-1d6f088b\" data-id=\"1d6f088b\" data-element_type=\"column\" data-e-type=\"column\">\n\t\t\t<div class=\"elementor-widget-wrap elementor-element-populated\">\n\t\t\t\t\t\t<div class=\"elementor-element elementor-element-2ee3192 elementor-widget elementor-widget-heading\" data-id=\"2ee3192\" data-element_type=\"widget\" data-e-type=\"widget\" data-widget_type=\"heading.default\">\n\t\t\t\t<div class=\"elementor-widget-container\">\n\t\t\t\t\t<h4 class=\"elementor-heading-title elementor-size-default\">Contact<\/h4>\t\t\t\t<\/div>\n\t\t\t\t<\/div>\n\t\t\t\t<section class=\"elementor-section elementor-inner-section elementor-element elementor-element-57af08c6 elementor-section-boxed elementor-section-height-default elementor-section-height-default\" data-id=\"57af08c6\" data-element_type=\"section\" data-e-type=\"section\">\n\t\t\t\t\t\t<div class=\"elementor-container elementor-column-gap-default\">\n\t\t\t\t\t<div class=\"elementor-column elementor-col-50 elementor-inner-column elementor-element elementor-element-7794572d\" data-id=\"7794572d\" data-element_type=\"column\" data-e-type=\"column\">\n\t\t\t<div class=\"elementor-widget-wrap elementor-element-populated\">\n\t\t\t\t\t\t<div class=\"elementor-element elementor-element-187c7b92 elementor-widget elementor-widget-heading\" data-id=\"187c7b92\" data-element_type=\"widget\" data-e-type=\"widget\" data-widget_type=\"heading.default\">\n\t\t\t\t<div class=\"elementor-widget-container\">\n\t\t\t\t\t<div class=\"elementor-heading-title elementor-size-default\">Visit us<\/div>\t\t\t\t<\/div>\n\t\t\t\t<\/div>\n\t\t\t\t<div class=\"elementor-element elementor-element-73f845a2 elementor-widget elementor-widget-text-editor\" data-id=\"73f845a2\" data-element_type=\"widget\" data-e-type=\"widget\" data-widget_type=\"text-editor.default\">\n\t\t\t\t<div class=\"elementor-widget-container\">\n\t\t\t\t\t\t\t\t\t<p>Calle Cotaniello, 35, 33829 Grullos, Asturias<\/p>\t\t\t\t\t\t\t\t<\/div>\n\t\t\t\t<\/div>\n\t\t\t\t\t<\/div>\n\t\t<\/div>\n\t\t\t\t<div class=\"elementor-column elementor-col-50 elementor-inner-column elementor-element elementor-element-19b697c3\" data-id=\"19b697c3\" data-element_type=\"column\" data-e-type=\"column\">\n\t\t\t<div class=\"elementor-widget-wrap elementor-element-populated\">\n\t\t\t\t\t\t<div class=\"elementor-element elementor-element-240c6fec elementor-widget elementor-widget-heading\" data-id=\"240c6fec\" data-element_type=\"widget\" data-e-type=\"widget\" data-widget_type=\"heading.default\">\n\t\t\t\t<div class=\"elementor-widget-container\">\n\t\t\t\t\t<div class=\"elementor-heading-title elementor-size-default\">Contact us<\/div>\t\t\t\t<\/div>\n\t\t\t\t<\/div>\n\t\t\t\t<div class=\"elementor-element elementor-element-246a9de0 elementor-widget elementor-widget-text-editor\" data-id=\"246a9de0\" data-element_type=\"widget\" data-e-type=\"widget\" data-widget_type=\"text-editor.default\">\n\t\t\t\t<div class=\"elementor-widget-container\">\n\t\t\t\t\t\t\t\t\t<p>Tel\u00e9fono :\u00a0<a href=\"tel:985 82 82 92\"><span aria-label=\"Llamar al n\u00famero de tel\u00e9fono 985 82 82 92\">985 82 82 92<\/span><\/a><br \/>Whatsapp: <a href=\"tel:687 992 712\">687 992 712<\/a><\/p>\t\t\t\t\t\t\t\t<\/div>\n\t\t\t\t<\/div>\n\t\t\t\t<div class=\"elementor-element elementor-element-1df919d8 elementor-widget elementor-widget-text-editor\" data-id=\"1df919d8\" data-element_type=\"widget\" data-e-type=\"widget\" data-widget_type=\"text-editor.default\">\n\t\t\t\t<div class=\"elementor-widget-container\">\n\t\t\t\t\t\t\t\t\t<p>Email :\u00a0<a style=\"font-size: 16px; background-color: #ffffff;\" href=\"mailto:info@legumbrestino.es\"><u>info@legumbrestino.es<\/u><\/a><\/p>\t\t\t\t\t\t\t\t<\/div>\n\t\t\t\t<\/div>\n\t\t\t\t\t<\/div>\n\t\t<\/div>\n\t\t\t\t\t<\/div>\n\t\t<\/section>\n\t\t\t\t<section class=\"elementor-section elementor-inner-section elementor-element elementor-element-163c533a elementor-section-boxed elementor-section-height-default elementor-section-height-default\" data-id=\"163c533a\" data-element_type=\"section\" data-e-type=\"section\">\n\t\t\t\t\t\t<div class=\"elementor-container elementor-column-gap-default\">\n\t\t\t\t\t<div class=\"elementor-column elementor-col-50 elementor-inner-column elementor-element elementor-element-20f0dad\" data-id=\"20f0dad\" data-element_type=\"column\" data-e-type=\"column\">\n\t\t\t<div class=\"elementor-widget-wrap elementor-element-populated\">\n\t\t\t\t\t\t<div class=\"elementor-element elementor-element-1a1bcbe9 elementor-widget elementor-widget-heading\" data-id=\"1a1bcbe9\" data-element_type=\"widget\" data-e-type=\"widget\" data-widget_type=\"heading.default\">\n\t\t\t\t<div class=\"elementor-widget-container\">\n\t\t\t\t\t<div class=\"elementor-heading-title elementor-size-default\">Always available<\/div>\t\t\t\t<\/div>\n\t\t\t\t<\/div>\n\t\t\t\t<div class=\"elementor-element elementor-element-3c04481e elementor-widget elementor-widget-text-editor\" data-id=\"3c04481e\" data-element_type=\"widget\" data-e-type=\"widget\" data-widget_type=\"text-editor.default\">\n\t\t\t\t<div class=\"elementor-widget-container\">\n\t\t\t\t\t\t\t\t\t<p>Always available, whether for orders or customer service.<\/p>\t\t\t\t\t\t\t\t<\/div>\n\t\t\t\t<\/div>\n\t\t\t\t\t<\/div>\n\t\t<\/div>\n\t\t\t\t<div class=\"elementor-column elementor-col-50 elementor-inner-column elementor-element elementor-element-2cafb2ad\" data-id=\"2cafb2ad\" data-element_type=\"column\" data-e-type=\"column\">\n\t\t\t<div class=\"elementor-widget-wrap elementor-element-populated\">\n\t\t\t\t\t\t<div class=\"elementor-element elementor-element-1d89cb5f elementor-widget elementor-widget-heading\" data-id=\"1d89cb5f\" data-element_type=\"widget\" data-e-type=\"widget\" data-widget_type=\"heading.default\">\n\t\t\t\t<div class=\"elementor-widget-container\">\n\t\t\t\t\t<div class=\"elementor-heading-title elementor-size-default\">Follow Us<\/div>\t\t\t\t<\/div>\n\t\t\t\t<\/div>\n\t\t\t\t<div class=\"elementor-element elementor-element-36f8d575 elementor-shape-square e-grid-align-left elementor-grid-0 elementor-widget elementor-widget-social-icons\" data-id=\"36f8d575\" data-element_type=\"widget\" data-e-type=\"widget\" data-widget_type=\"social-icons.default\">\n\t\t\t\t<div class=\"elementor-widget-container\">\n\t\t\t\t\t\t\t<div class=\"elementor-social-icons-wrapper elementor-grid\" role=\"list\">\n\t\t\t\t\t\t\t<span class=\"elementor-grid-item\" role=\"listitem\">\n\t\t\t\t\t<a class=\"elementor-icon elementor-social-icon elementor-social-icon-facebook-f elementor-animation-grow elementor-repeater-item-2d0da0c\" href=\"https:\/\/www.facebook.com\/people\/Legumbres-Tino\/100063694443963\/\" target=\"_blank\">\n\t\t\t\t\t\t<span class=\"elementor-screen-only\">Facebook-f<\/span>\n\t\t\t\t\t\t<i aria-hidden=\"true\" class=\"fab fa-facebook-f\"><\/i>\t\t\t\t\t<\/a>\n\t\t\t\t<\/span>\n\t\t\t\t\t\t\t<span class=\"elementor-grid-item\" role=\"listitem\">\n\t\t\t\t\t<a class=\"elementor-icon elementor-social-icon elementor-social-icon-instagram elementor-animation-grow elementor-repeater-item-8fee1e2\" href=\"https:\/\/www.instagram.com\/legumbrestino\/?igshid=1it1s2xrekxl8\" target=\"_blank\">\n\t\t\t\t\t\t<span class=\"elementor-screen-only\">Instagram<\/span>\n\t\t\t\t\t\t<i aria-hidden=\"true\" class=\"fab fa-instagram\"><\/i>\t\t\t\t\t<\/a>\n\t\t\t\t<\/span>\n\t\t\t\t\t<\/div>\n\t\t\t\t\t\t<\/div>\n\t\t\t\t<\/div>\n\t\t\t\t\t<\/div>\n\t\t<\/div>\n\t\t\t\t\t<\/div>\n\t\t<\/section>\n\t\t\t\t\t<\/div>\n\t\t<\/div>\n\t\t\t\t\t<\/div>\n\t\t<\/section>\n\t\t\t\t<\/div>","protected":false},"excerpt":{"rendered":"<p>Contacto Ubicaci\u00f3n Calle Cotaniello, 35, 33829 Grullos, Asturias Cont\u00e1ctanos Tel\u00e9fono :\u00a0985 82 82 92Whatsapp: 687 992 712 Email :\u00a0info@legumbrestino.es Siempre disponibles Siempre disponibles, ya sea para pedidos o atenci\u00f3n al cliente Follow Us Facebook-f Instagram<\/p>","protected":false},"author":1,"featured_media":0,"parent":0,"menu_order":0,"comment_status":"closed","ping_status":"closed","template":"","meta":{"site-sidebar-layout":"no-sidebar","site-content-layout":"page-builder","ast-site-content-layout":"default","site-content-style":"default","site-sidebar-style":"default","ast-global-header-display":"","ast-banner-title-visibility":"","ast-main-header-display":"","ast-hfb-above-header-display":"","ast-hfb-below-header-display":"","ast-hfb-mobile-header-display":"","site-post-title":"disabled","ast-breadcrumbs-content":"","ast-featured-img":"disabled","footer-sml-layout":"","ast-disable-related-posts":"","theme-transparent-header-meta":"","adv-header-id-meta":"","stick-header-meta":"","header-above-stick-meta":"","header-main-stick-meta":"","header-below-stick-meta":"","astra-migrate-meta-layouts":"default","ast-page-background-enabled":"default","ast-page-background-meta":{"desktop":{"background-color":"var(--ast-global-color-4)","background-image":"","background-repeat":"repeat","background-position":"center center","background-size":"auto","background-attachment":"scroll","background-type":"","background-media":"","overlay-type":"","overlay-color":"","overlay-opacity":"","overlay-gradient":""},"tablet":{"background-color":"","background-image":"","background-repeat":"repeat","background-position":"center center","background-size":"auto","background-attachment":"scroll","background-type":"","background-media":"","overlay-type":"","overlay-color":"","overlay-opacity":"","overlay-gradient":""},"mobile":{"background-color":"","background-image":"","background-repeat":"repeat","background-position":"center center","background-size":"auto","background-attachment":"scroll","background-type":"","background-media":"","overlay-type":"","overlay-color":"","overlay-opacity":"","overlay-gradient":""}},"ast-content-background-meta":{"desktop":{"background-color":"var(--ast-global-color-5)","background-image":"","background-repeat":"repeat","background-position":"center center","background-size":"auto","background-attachment":"scroll","background-type":"","background-media":"","overlay-type":"","overlay-color":"","overlay-opacity":"","overlay-gradient":""},"tablet":{"background-color":"var(--ast-global-color-5)","background-image":"","background-repeat":"repeat","background-position":"center center","background-size":"auto","background-attachment":"scroll","background-type":"","background-media":"","overlay-type":"","overlay-color":"","overlay-opacity":"","overlay-gradient":""},"mobile":{"background-color":"var(--ast-global-color-5)","background-image":"","background-repeat":"repeat","background-position":"center center","background-size":"auto","background-attachment":"scroll","background-type":"","background-media":"","overlay-type":"","overlay-color":"","overlay-opacity":"","overlay-gradient":""}},"_joinchat":[],"footnotes":""},"class_list":["post-525","page","type-page","status-publish","hentry"],"yoast_head":"<!-- This site is optimized with the Yoast SEO plugin v27.4 - https:\/\/yoast.com\/product\/yoast-seo-wordpress\/ -->\n<title>Contacto | Legumbres Tino<\/title>\n<meta name=\"description\" content=\"Informaci\u00f3n de contacto, localizaci\u00f3n, nuestro numero de tel\u00e9fono, y por ultimo y no menos importante, nuestra disponibilidad\" \/>\n<meta name=\"robots\" content=\"index, follow, max-snippet:-1, max-image-preview:large, max-video-preview:-1\" \/>\n<link rel=\"canonical\" href=\"https:\/\/legumbrestino.es\/en\/donde-estamos-legumbrestino\/\" \/>\n<meta property=\"og:locale\" content=\"en_GB\" \/>\n<meta property=\"og:type\" content=\"article\" \/>\n<meta property=\"og:title\" content=\"Contacto | Legumbres Tino\" \/>\n<meta property=\"og:description\" content=\"Informaci\u00f3n de contacto, localizaci\u00f3n, nuestro numero de tel\u00e9fono, y por ultimo y no menos importante, nuestra disponibilidad\" \/>\n<meta property=\"og:url\" content=\"https:\/\/legumbrestino.es\/en\/donde-estamos-legumbrestino\/\" \/>\n<meta property=\"og:site_name\" content=\"Legumbres Tino\" \/>\n<meta property=\"article:modified_time\" content=\"2023-05-24T07:47:07+00:00\" \/>\n<meta name=\"twitter:card\" content=\"summary_large_image\" \/>\n<meta name=\"twitter:label1\" content=\"Estimated reading time\" \/>\n\t<meta name=\"twitter:data1\" content=\"1 minute\" \/>\n<script type=\"application\/ld+json\" class=\"yoast-schema-graph\">{\"@context\":\"https:\\\/\\\/schema.org\",\"@graph\":[{\"@type\":\"WebPage\",\"@id\":\"https:\\\/\\\/legumbrestino.es\\\/donde-estamos-legumbrestino\\\/\",\"url\":\"https:\\\/\\\/legumbrestino.es\\\/donde-estamos-legumbrestino\\\/\",\"name\":\"Contacto | Legumbres Tino\",\"isPartOf\":{\"@id\":\"https:\\\/\\\/legumbrestino.es\\\/#website\"},\"datePublished\":\"2023-04-21T08:25:24+00:00\",\"dateModified\":\"2023-05-24T07:47:07+00:00\",\"description\":\"Informaci\u00f3n de contacto, localizaci\u00f3n, nuestro numero de tel\u00e9fono, y por ultimo y no menos importante, nuestra disponibilidad\",\"breadcrumb\":{\"@id\":\"https:\\\/\\\/legumbrestino.es\\\/donde-estamos-legumbrestino\\\/#breadcrumb\"},\"inLanguage\":\"en-GB\",\"potentialAction\":[{\"@type\":\"ReadAction\",\"target\":[\"https:\\\/\\\/legumbrestino.es\\\/donde-estamos-legumbrestino\\\/\"]}]},{\"@type\":\"BreadcrumbList\",\"@id\":\"https:\\\/\\\/legumbrestino.es\\\/donde-estamos-legumbrestino\\\/#breadcrumb\",\"itemListElement\":[{\"@type\":\"ListItem\",\"position\":1,\"name\":\"Portada\",\"item\":\"https:\\\/\\\/legumbrestino.es\\\/\"},{\"@type\":\"ListItem\",\"position\":2,\"name\":\"Donde estamos\"}]},{\"@type\":\"WebSite\",\"@id\":\"https:\\\/\\\/legumbrestino.es\\\/#website\",\"url\":\"https:\\\/\\\/legumbrestino.es\\\/\",\"name\":\"Legumbres Tino\",\"description\":\"Legumbres Tino, una empresa familiar dedicada al cultivo de legumbres desde 1948.\",\"publisher\":{\"@id\":\"https:\\\/\\\/legumbrestino.es\\\/#organization\"},\"potentialAction\":[{\"@type\":\"SearchAction\",\"target\":{\"@type\":\"EntryPoint\",\"urlTemplate\":\"https:\\\/\\\/legumbrestino.es\\\/?s={search_term_string}\"},\"query-input\":{\"@type\":\"PropertyValueSpecification\",\"valueRequired\":true,\"valueName\":\"search_term_string\"}}],\"inLanguage\":\"en-GB\"},{\"@type\":\"Organization\",\"@id\":\"https:\\\/\\\/legumbrestino.es\\\/#organization\",\"name\":\"Legumbres Tino\",\"url\":\"https:\\\/\\\/legumbrestino.es\\\/\",\"logo\":{\"@type\":\"ImageObject\",\"inLanguage\":\"en-GB\",\"@id\":\"https:\\\/\\\/legumbrestino.es\\\/#\\\/schema\\\/logo\\\/image\\\/\",\"url\":\"https:\\\/\\\/legumbrestino.es\\\/wp-content\\\/uploads\\\/2023\\\/04\\\/cropped-logo-legumbretino.jpeg\",\"contentUrl\":\"https:\\\/\\\/legumbrestino.es\\\/wp-content\\\/uploads\\\/2023\\\/04\\\/cropped-logo-legumbretino.jpeg\",\"width\":248,\"height\":183,\"caption\":\"Legumbres Tino\"},\"image\":{\"@id\":\"https:\\\/\\\/legumbrestino.es\\\/#\\\/schema\\\/logo\\\/image\\\/\"}}]}<\/script>\n<!-- \/ Yoast SEO plugin. -->","yoast_head_json":{"title":"Contacto | Legumbres Tino","description":"Informaci\u00f3n de contacto, localizaci\u00f3n, nuestro numero de tel\u00e9fono, y por ultimo y no menos importante, nuestra disponibilidad","robots":{"index":"index","follow":"follow","max-snippet":"max-snippet:-1","max-image-preview":"max-image-preview:large","max-video-preview":"max-video-preview:-1"},"canonical":"https:\/\/legumbrestino.es\/en\/donde-estamos-legumbrestino\/","og_locale":"en_GB","og_type":"article","og_title":"Contacto | Legumbres Tino","og_description":"Informaci\u00f3n de contacto, localizaci\u00f3n, nuestro numero de tel\u00e9fono, y por ultimo y no menos importante, nuestra disponibilidad","og_url":"https:\/\/legumbrestino.es\/en\/donde-estamos-legumbrestino\/","og_site_name":"Legumbres Tino","article_modified_time":"2023-05-24T07:47:07+00:00","twitter_card":"summary_large_image","twitter_misc":{"Estimated reading time":"1 minute"},"schema":{"@context":"https:\/\/schema.org","@graph":[{"@type":"WebPage","@id":"https:\/\/legumbrestino.es\/donde-estamos-legumbrestino\/","url":"https:\/\/legumbrestino.es\/donde-estamos-legumbrestino\/","name":"Contacto | Legumbres Tino","isPartOf":{"@id":"https:\/\/legumbrestino.es\/#website"},"datePublished":"2023-04-21T08:25:24+00:00","dateModified":"2023-05-24T07:47:07+00:00","description":"Informaci\u00f3n de contacto, localizaci\u00f3n, nuestro numero de tel\u00e9fono, y por ultimo y no menos importante, nuestra disponibilidad","breadcrumb":{"@id":"https:\/\/legumbrestino.es\/donde-estamos-legumbrestino\/#breadcrumb"},"inLanguage":"en-GB","potentialAction":[{"@type":"ReadAction","target":["https:\/\/legumbrestino.es\/donde-estamos-legumbrestino\/"]}]},{"@type":"BreadcrumbList","@id":"https:\/\/legumbrestino.es\/donde-estamos-legumbrestino\/#breadcrumb","itemListElement":[{"@type":"ListItem","position":1,"name":"Portada","item":"https:\/\/legumbrestino.es\/"},{"@type":"ListItem","position":2,"name":"Donde estamos"}]},{"@type":"WebSite","@id":"https:\/\/legumbrestino.es\/#website","url":"https:\/\/legumbrestino.es\/","name":"Legumbres Tino","description":"Legumbres Tino, una empresa familiar dedicada al cultivo de legumbres desde 1948.","publisher":{"@id":"https:\/\/legumbrestino.es\/#organization"},"potentialAction":[{"@type":"SearchAction","target":{"@type":"EntryPoint","urlTemplate":"https:\/\/legumbrestino.es\/?s={search_term_string}"},"query-input":{"@type":"PropertyValueSpecification","valueRequired":true,"valueName":"search_term_string"}}],"inLanguage":"en-GB"},{"@type":"Organization","@id":"https:\/\/legumbrestino.es\/#organization","name":"Legumbres Tino","url":"https:\/\/legumbrestino.es\/","logo":{"@type":"ImageObject","inLanguage":"en-GB","@id":"https:\/\/legumbrestino.es\/#\/schema\/logo\/image\/","url":"https:\/\/legumbrestino.es\/wp-content\/uploads\/2023\/04\/cropped-logo-legumbretino.jpeg","contentUrl":"https:\/\/legumbrestino.es\/wp-content\/uploads\/2023\/04\/cropped-logo-legumbretino.jpeg","width":248,"height":183,"caption":"Legumbres Tino"},"image":{"@id":"https:\/\/legumbrestino.es\/#\/schema\/logo\/image\/"}}]}},"_links":{"self":[{"href":"https:\/\/legumbrestino.es\/en\/wp-json\/wp\/v2\/pages\/525","targetHints":{"allow":["GET"]}}],"collection":[{"href":"https:\/\/legumbrestino.es\/en\/wp-json\/wp\/v2\/pages"}],"about":[{"href":"https:\/\/legumbrestino.es\/en\/wp-json\/wp\/v2\/types\/page"}],"author":[{"embeddable":true,"href":"https:\/\/legumbrestino.es\/en\/wp-json\/wp\/v2\/users\/1"}],"replies":[{"embeddable":true,"href":"https:\/\/legumbrestino.es\/en\/wp-json\/wp\/v2\/comments?post=525"}],"version-history":[{"count":8,"href":"https:\/\/legumbrestino.es\/en\/wp-json\/wp\/v2\/pages\/525\/revisions"}],"predecessor-version":[{"id":731,"href":"https:\/\/legumbrestino.es\/en\/wp-json\/wp\/v2\/pages\/525\/revisions\/731"}],"wp:attachment":[{"href":"https:\/\/legumbrestino.es\/en\/wp-json\/wp\/v2\/media?parent=525"}],"curies":[{"name":"wp","href":"https:\/\/api.w.org\/{rel}","templated":true}]}}