{"id":822,"date":"2024-01-03T09:23:40","date_gmt":"2024-01-03T09:23:40","guid":{"rendered":"https:\/\/legumbrestino.es\/?page_id=822"},"modified":"2024-01-03T09:28:33","modified_gmt":"2024-01-03T09:28:33","slug":"tacos-veganos","status":"publish","type":"page","link":"https:\/\/legumbrestino.es\/en\/tacos-veganos\/","title":{"rendered":"Tacos Veganos"},"content":{"rendered":"<div data-elementor-type=\"wp-page\" data-elementor-id=\"822\" class=\"elementor elementor-822\">\n\t\t\t\t\t\t<section class=\"elementor-section elementor-top-section elementor-element elementor-element-d6e09c8 elementor-section-height-min-height elementor-section-boxed elementor-section-height-default elementor-section-items-middle\" data-id=\"d6e09c8\" data-element_type=\"section\" data-e-type=\"section\" data-settings=\"{&quot;background_background&quot;:&quot;classic&quot;}\">\n\t\t\t\t\t\t\t<div class=\"elementor-background-overlay\"><\/div>\n\t\t\t\t\t\t\t<div class=\"elementor-container elementor-column-gap-default\">\n\t\t\t\t\t<div class=\"elementor-column elementor-col-100 elementor-top-column elementor-element elementor-element-10ccfa0\" data-id=\"10ccfa0\" data-element_type=\"column\" data-e-type=\"column\">\n\t\t\t<div class=\"elementor-widget-wrap elementor-element-populated\">\n\t\t\t\t\t\t<div class=\"elementor-element elementor-element-0678203 elementor-widget elementor-widget-heading\" data-id=\"0678203\" data-element_type=\"widget\" data-e-type=\"widget\" data-widget_type=\"heading.default\">\n\t\t\t\t<div class=\"elementor-widget-container\">\n\t\t\t\t\t<h2 class=\"elementor-heading-title elementor-size-default\">Tacos Veganos<\/h2>\t\t\t\t<\/div>\n\t\t\t\t<\/div>\n\t\t\t\t\t<\/div>\n\t\t<\/div>\n\t\t\t\t\t<\/div>\n\t\t<\/section>\n\t\t\t\t<section class=\"elementor-section elementor-top-section elementor-element elementor-element-fd4b4eb elementor-section-boxed elementor-section-height-default elementor-section-height-default\" data-id=\"fd4b4eb\" data-element_type=\"section\" data-e-type=\"section\">\n\t\t\t\t\t\t<div class=\"elementor-container elementor-column-gap-default\">\n\t\t\t\t\t<div class=\"elementor-column elementor-col-100 elementor-top-column elementor-element elementor-element-3d1eb03\" data-id=\"3d1eb03\" data-element_type=\"column\" data-e-type=\"column\">\n\t\t\t<div class=\"elementor-widget-wrap elementor-element-populated\">\n\t\t\t\t\t\t<div class=\"elementor-element elementor-element-26c48d8 elementor-widget elementor-widget-text-editor\" data-id=\"26c48d8\" data-element_type=\"widget\" data-e-type=\"widget\" data-widget_type=\"text-editor.default\">\n\t\t\t\t<div class=\"elementor-widget-container\">\n\t\t\t\t\t\t\t\t\t<p>Los tacos veganos son una opci\u00f3n deliciosa y saludable que prescinde de ingredientes de origen animal. Aqu\u00ed tienes una receta b\u00e1sica para preparar tacos veganos. Puedes ajustar los ingredientes seg\u00fan tus preferencias y agregar toppings adicionales seg\u00fan tu gusto.<\/p>\t\t\t\t\t\t\t\t<\/div>\n\t\t\t\t<\/div>\n\t\t\t\t\t<\/div>\n\t\t<\/div>\n\t\t\t\t\t<\/div>\n\t\t<\/section>\n\t\t\t\t<section class=\"elementor-section elementor-top-section elementor-element elementor-element-bde55f5 elementor-section-boxed elementor-section-height-default elementor-section-height-default\" data-id=\"bde55f5\" data-element_type=\"section\" data-e-type=\"section\">\n\t\t\t\t\t\t\t<div class=\"elementor-background-overlay\"><\/div>\n\t\t\t\t\t\t\t<div class=\"elementor-container elementor-column-gap-default\">\n\t\t\t\t\t<div class=\"elementor-column elementor-col-100 elementor-top-column elementor-element elementor-element-73d0e8c\" data-id=\"73d0e8c\" data-element_type=\"column\" data-e-type=\"column\" data-settings=\"{&quot;background_background&quot;:&quot;classic&quot;}\">\n\t\t\t<div class=\"elementor-widget-wrap elementor-element-populated\">\n\t\t\t\t\t\t<section class=\"elementor-section elementor-inner-section elementor-element elementor-element-b0003fb elementor-section-boxed elementor-section-height-default elementor-section-height-default\" data-id=\"b0003fb\" data-element_type=\"section\" data-e-type=\"section\">\n\t\t\t\t\t\t<div class=\"elementor-container elementor-column-gap-default\">\n\t\t\t\t\t<div class=\"elementor-column elementor-col-100 elementor-inner-column elementor-element elementor-element-7462857\" data-id=\"7462857\" data-element_type=\"column\" data-e-type=\"column\">\n\t\t\t<div class=\"elementor-widget-wrap elementor-element-populated\">\n\t\t\t\t\t\t<div class=\"elementor-element elementor-element-04e0451 elementor-widget elementor-widget-heading\" data-id=\"04e0451\" data-element_type=\"widget\" data-e-type=\"widget\" data-widget_type=\"heading.default\">\n\t\t\t\t<div class=\"elementor-widget-container\">\n\t\t\t\t\t<h3 class=\"elementor-heading-title elementor-size-default\">INGREDIENTES<\/h3>\t\t\t\t<\/div>\n\t\t\t\t<\/div>\n\t\t\t\t<div class=\"elementor-element elementor-element-e678fb3 elementor-widget elementor-widget-text-editor\" data-id=\"e678fb3\" data-element_type=\"widget\" data-e-type=\"widget\" data-widget_type=\"text-editor.default\">\n\t\t\t\t<div class=\"elementor-widget-container\">\n\t\t\t\t\t\t\t\t\t<ul><li style=\"list-style-type: none;\"><ul><li>400 g de fabas negras, cocidas, escurridas y enjuagadas<\/li><li>1 taza de ma\u00edz (puede ser ma\u00edz congelado o de lata)<\/li><li>1 taza de quinoa cocida<\/li><li>1 cucharadita de comino molido<\/li><li>1 cucharadita de paprika<\/li><li>1 cucharadita de ajo en polvo<\/li><li>Sal y pimienta al gusto<\/li><li>Jugo de 1 lim\u00f3n<\/li><\/ul><h3>\u00a0<\/h3><ul><li>Tortillas de ma\u00edz (aseg\u00farate de que sean veganas, algunos contienen ingredientes de origen animal)<\/li><li>Aguacate en rodajas<\/li><li>Tomate en cubos<\/li><li>Cebolla morada picada<\/li><li>Cilantro fresco picado<\/li><li>Salsa de tomate o salsa de aguacate<\/li><li>Lim\u00f3n en gajos<\/li><\/ul><\/li><\/ul>\t\t\t\t\t\t\t\t<\/div>\n\t\t\t\t<\/div>\n\t\t\t\t\t<\/div>\n\t\t<\/div>\n\t\t\t\t\t<\/div>\n\t\t<\/section>\n\t\t\t\t\t<\/div>\n\t\t<\/div>\n\t\t\t\t\t<\/div>\n\t\t<\/section>\n\t\t\t\t<section class=\"elementor-section elementor-top-section elementor-element elementor-element-ff98a6f elementor-section-boxed elementor-section-height-default elementor-section-height-default\" data-id=\"ff98a6f\" data-element_type=\"section\" data-e-type=\"section\">\n\t\t\t\t\t\t<div class=\"elementor-container elementor-column-gap-default\">\n\t\t\t\t\t<div class=\"elementor-column elementor-col-100 elementor-top-column elementor-element elementor-element-8f4d831\" data-id=\"8f4d831\" data-element_type=\"column\" data-e-type=\"column\">\n\t\t\t<div class=\"elementor-widget-wrap elementor-element-populated\">\n\t\t\t\t\t\t<div class=\"elementor-element elementor-element-092001a elementor-widget elementor-widget-heading\" data-id=\"092001a\" data-element_type=\"widget\" data-e-type=\"widget\" data-widget_type=\"heading.default\">\n\t\t\t\t<div class=\"elementor-widget-container\">\n\t\t\t\t\t<h3 class=\"elementor-heading-title elementor-size-default\">Pasos<\/h3>\t\t\t\t<\/div>\n\t\t\t\t<\/div>\n\t\t\t\t<div class=\"elementor-element elementor-element-0a694cf elementor-widget elementor-widget-text-editor\" data-id=\"0a694cf\" data-element_type=\"widget\" data-e-type=\"widget\" data-widget_type=\"text-editor.default\">\n\t\t\t\t<div class=\"elementor-widget-container\">\n\t\t\t\t\t\t\t\t\t<ol><li><p>En un taz\u00f3n grande, mezcla los frijoles negros, el ma\u00edz, la quinoa cocida, el comino, la paprika, el ajo en polvo, la sal y la pimienta. Exprime el jugo de lim\u00f3n sobre la mezcla y revuelve bien.<\/p><\/li><li><p>Calienta las tortillas de ma\u00edz en una sart\u00e9n o en el microondas seg\u00fan las instrucciones del paquete.<\/p><\/li><li><p>Coloca una porci\u00f3n del relleno en cada tortilla.<\/p><\/li><li><p>Agrega las rodajas de aguacate, tomate, cebolla morada y cilantro fresco.<\/p><\/li><li><p>Roc\u00eda con salsa de tomate o salsa de aguacate seg\u00fan tus preferencias.<\/p><\/li><li><p>Sirve los tacos veganos con gajos de lim\u00f3n para darles un toque de frescura.<\/p><\/li><\/ol>\t\t\t\t\t\t\t\t<\/div>\n\t\t\t\t<\/div>\n\t\t\t\t\t<\/div>\n\t\t<\/div>\n\t\t\t\t\t<\/div>\n\t\t<\/section>\n\t\t\t\t<\/div>","protected":false},"excerpt":{"rendered":"<p>Tacos Veganos Los tacos veganos son una opci\u00f3n deliciosa y saludable que prescinde de ingredientes de origen animal. Aqu\u00ed tienes una receta b\u00e1sica para preparar tacos veganos. Puedes ajustar los ingredientes seg\u00fan tus preferencias y agregar toppings adicionales seg\u00fan tu gusto. INGREDIENTES 400 g de fabas negras, cocidas, escurridas y enjuagadas 1 taza de ma\u00edz [&hellip;]<\/p>\n","protected":false},"author":1,"featured_media":0,"parent":0,"menu_order":0,"comment_status":"closed","ping_status":"closed","template":"","meta":{"site-sidebar-layout":"default","site-content-layout":"page-builder","ast-site-content-layout":"default","site-content-style":"default","site-sidebar-style":"default","ast-global-header-display":"","ast-banner-title-visibility":"","ast-main-header-display":"","ast-hfb-above-header-display":"","ast-hfb-below-header-display":"","ast-hfb-mobile-header-display":"","site-post-title":"","ast-breadcrumbs-content":"","ast-featured-img":"","footer-sml-layout":"","ast-disable-related-posts":"","theme-transparent-header-meta":"","adv-header-id-meta":"","stick-header-meta":"","header-above-stick-meta":"","header-main-stick-meta":"","header-below-stick-meta":"","astra-migrate-meta-layouts":"default","ast-page-background-enabled":"default","ast-page-background-meta":{"desktop":{"background-color":"var(--ast-global-color-4)","background-image":"","background-repeat":"repeat","background-position":"center center","background-size":"auto","background-attachment":"scroll","background-type":"","background-media":"","overlay-type":"","overlay-color":"","overlay-opacity":"","overlay-gradient":""},"tablet":{"background-color":"","background-image":"","background-repeat":"repeat","background-position":"center center","background-size":"auto","background-attachment":"scroll","background-type":"","background-media":"","overlay-type":"","overlay-color":"","overlay-opacity":"","overlay-gradient":""},"mobile":{"background-color":"","background-image":"","background-repeat":"repeat","background-position":"center center","background-size":"auto","background-attachment":"scroll","background-type":"","background-media":"","overlay-type":"","overlay-color":"","overlay-opacity":"","overlay-gradient":""}},"ast-content-background-meta":{"desktop":{"background-color":"var(--ast-global-color-5)","background-image":"","background-repeat":"repeat","background-position":"center center","background-size":"auto","background-attachment":"scroll","background-type":"","background-media":"","overlay-type":"","overlay-color":"","overlay-opacity":"","overlay-gradient":""},"tablet":{"background-color":"var(--ast-global-color-5)","background-image":"","background-repeat":"repeat","background-position":"center center","background-size":"auto","background-attachment":"scroll","background-type":"","background-media":"","overlay-type":"","overlay-color":"","overlay-opacity":"","overlay-gradient":""},"mobile":{"background-color":"var(--ast-global-color-5)","background-image":"","background-repeat":"repeat","background-position":"center center","background-size":"auto","background-attachment":"scroll","background-type":"","background-media":"","overlay-type":"","overlay-color":"","overlay-opacity":"","overlay-gradient":""}},"_joinchat":[],"footnotes":""},"class_list":["post-822","page","type-page","status-publish","hentry"],"yoast_head":"<!-- This site is optimized with the Yoast SEO plugin v27.4 - https:\/\/yoast.com\/product\/yoast-seo-wordpress\/ -->\n<title>Tacos Veganos - Legumbres Tino<\/title>\n<meta name=\"description\" content=\"Los tacos veganos son una opci\u00f3n deliciosa y saludable para disfrutar de la gastronom\u00eda mexicana. Una receta adaptable a los gustos de todos.\" \/>\n<meta name=\"robots\" content=\"index, follow, max-snippet:-1, max-image-preview:large, max-video-preview:-1\" \/>\n<link rel=\"canonical\" href=\"https:\/\/legumbrestino.es\/en\/tacos-veganos\/\" \/>\n<meta property=\"og:locale\" content=\"en_GB\" \/>\n<meta property=\"og:type\" content=\"article\" \/>\n<meta property=\"og:title\" content=\"Tacos Veganos - Legumbres Tino\" \/>\n<meta property=\"og:description\" content=\"Los tacos veganos son una opci\u00f3n deliciosa y saludable para disfrutar de la gastronom\u00eda mexicana. Una receta adaptable a los gustos de todos.\" \/>\n<meta property=\"og:url\" content=\"https:\/\/legumbrestino.es\/en\/tacos-veganos\/\" \/>\n<meta property=\"og:site_name\" content=\"Legumbres Tino\" \/>\n<meta property=\"article:modified_time\" content=\"2024-01-03T09:28:33+00:00\" \/>\n<meta name=\"twitter:card\" content=\"summary_large_image\" \/>\n<meta name=\"twitter:label1\" content=\"Estimated reading time\" \/>\n\t<meta name=\"twitter:data1\" content=\"2 minutes\" \/>\n<script type=\"application\/ld+json\" class=\"yoast-schema-graph\">{\"@context\":\"https:\\\/\\\/schema.org\",\"@graph\":[{\"@type\":\"WebPage\",\"@id\":\"https:\\\/\\\/legumbrestino.es\\\/tacos-veganos\\\/\",\"url\":\"https:\\\/\\\/legumbrestino.es\\\/tacos-veganos\\\/\",\"name\":\"Tacos Veganos - Legumbres Tino\",\"isPartOf\":{\"@id\":\"https:\\\/\\\/legumbrestino.es\\\/#website\"},\"datePublished\":\"2024-01-03T09:23:40+00:00\",\"dateModified\":\"2024-01-03T09:28:33+00:00\",\"description\":\"Los tacos veganos son una opci\u00f3n deliciosa y saludable para disfrutar de la gastronom\u00eda mexicana. Una receta adaptable a los gustos de todos.\",\"breadcrumb\":{\"@id\":\"https:\\\/\\\/legumbrestino.es\\\/tacos-veganos\\\/#breadcrumb\"},\"inLanguage\":\"en-GB\",\"potentialAction\":[{\"@type\":\"ReadAction\",\"target\":[\"https:\\\/\\\/legumbrestino.es\\\/tacos-veganos\\\/\"]}]},{\"@type\":\"BreadcrumbList\",\"@id\":\"https:\\\/\\\/legumbrestino.es\\\/tacos-veganos\\\/#breadcrumb\",\"itemListElement\":[{\"@type\":\"ListItem\",\"position\":1,\"name\":\"Portada\",\"item\":\"https:\\\/\\\/legumbrestino.es\\\/\"},{\"@type\":\"ListItem\",\"position\":2,\"name\":\"Tacos Veganos\"}]},{\"@type\":\"WebSite\",\"@id\":\"https:\\\/\\\/legumbrestino.es\\\/#website\",\"url\":\"https:\\\/\\\/legumbrestino.es\\\/\",\"name\":\"Legumbres Tino\",\"description\":\"Legumbres Tino, una empresa familiar dedicada al cultivo de legumbres desde 1948.\",\"publisher\":{\"@id\":\"https:\\\/\\\/legumbrestino.es\\\/#organization\"},\"potentialAction\":[{\"@type\":\"SearchAction\",\"target\":{\"@type\":\"EntryPoint\",\"urlTemplate\":\"https:\\\/\\\/legumbrestino.es\\\/?s={search_term_string}\"},\"query-input\":{\"@type\":\"PropertyValueSpecification\",\"valueRequired\":true,\"valueName\":\"search_term_string\"}}],\"inLanguage\":\"en-GB\"},{\"@type\":\"Organization\",\"@id\":\"https:\\\/\\\/legumbrestino.es\\\/#organization\",\"name\":\"Legumbres Tino\",\"url\":\"https:\\\/\\\/legumbrestino.es\\\/\",\"logo\":{\"@type\":\"ImageObject\",\"inLanguage\":\"en-GB\",\"@id\":\"https:\\\/\\\/legumbrestino.es\\\/#\\\/schema\\\/logo\\\/image\\\/\",\"url\":\"https:\\\/\\\/legumbrestino.es\\\/wp-content\\\/uploads\\\/2023\\\/04\\\/cropped-logo-legumbretino.jpeg\",\"contentUrl\":\"https:\\\/\\\/legumbrestino.es\\\/wp-content\\\/uploads\\\/2023\\\/04\\\/cropped-logo-legumbretino.jpeg\",\"width\":248,\"height\":183,\"caption\":\"Legumbres Tino\"},\"image\":{\"@id\":\"https:\\\/\\\/legumbrestino.es\\\/#\\\/schema\\\/logo\\\/image\\\/\"}}]}<\/script>\n<!-- \/ Yoast SEO plugin. -->","yoast_head_json":{"title":"Tacos Veganos - Legumbres Tino","description":"Los tacos veganos son una opci\u00f3n deliciosa y saludable para disfrutar de la gastronom\u00eda mexicana. Una receta adaptable a los gustos de todos.","robots":{"index":"index","follow":"follow","max-snippet":"max-snippet:-1","max-image-preview":"max-image-preview:large","max-video-preview":"max-video-preview:-1"},"canonical":"https:\/\/legumbrestino.es\/en\/tacos-veganos\/","og_locale":"en_GB","og_type":"article","og_title":"Tacos Veganos - Legumbres Tino","og_description":"Los tacos veganos son una opci\u00f3n deliciosa y saludable para disfrutar de la gastronom\u00eda mexicana. Una receta adaptable a los gustos de todos.","og_url":"https:\/\/legumbrestino.es\/en\/tacos-veganos\/","og_site_name":"Legumbres Tino","article_modified_time":"2024-01-03T09:28:33+00:00","twitter_card":"summary_large_image","twitter_misc":{"Estimated reading time":"2 minutes"},"schema":{"@context":"https:\/\/schema.org","@graph":[{"@type":"WebPage","@id":"https:\/\/legumbrestino.es\/tacos-veganos\/","url":"https:\/\/legumbrestino.es\/tacos-veganos\/","name":"Tacos Veganos - Legumbres Tino","isPartOf":{"@id":"https:\/\/legumbrestino.es\/#website"},"datePublished":"2024-01-03T09:23:40+00:00","dateModified":"2024-01-03T09:28:33+00:00","description":"Los tacos veganos son una opci\u00f3n deliciosa y saludable para disfrutar de la gastronom\u00eda mexicana. Una receta adaptable a los gustos de todos.","breadcrumb":{"@id":"https:\/\/legumbrestino.es\/tacos-veganos\/#breadcrumb"},"inLanguage":"en-GB","potentialAction":[{"@type":"ReadAction","target":["https:\/\/legumbrestino.es\/tacos-veganos\/"]}]},{"@type":"BreadcrumbList","@id":"https:\/\/legumbrestino.es\/tacos-veganos\/#breadcrumb","itemListElement":[{"@type":"ListItem","position":1,"name":"Portada","item":"https:\/\/legumbrestino.es\/"},{"@type":"ListItem","position":2,"name":"Tacos Veganos"}]},{"@type":"WebSite","@id":"https:\/\/legumbrestino.es\/#website","url":"https:\/\/legumbrestino.es\/","name":"Legumbres Tino","description":"Legumbres Tino, una empresa familiar dedicada al cultivo de legumbres desde 1948.","publisher":{"@id":"https:\/\/legumbrestino.es\/#organization"},"potentialAction":[{"@type":"SearchAction","target":{"@type":"EntryPoint","urlTemplate":"https:\/\/legumbrestino.es\/?s={search_term_string}"},"query-input":{"@type":"PropertyValueSpecification","valueRequired":true,"valueName":"search_term_string"}}],"inLanguage":"en-GB"},{"@type":"Organization","@id":"https:\/\/legumbrestino.es\/#organization","name":"Legumbres Tino","url":"https:\/\/legumbrestino.es\/","logo":{"@type":"ImageObject","inLanguage":"en-GB","@id":"https:\/\/legumbrestino.es\/#\/schema\/logo\/image\/","url":"https:\/\/legumbrestino.es\/wp-content\/uploads\/2023\/04\/cropped-logo-legumbretino.jpeg","contentUrl":"https:\/\/legumbrestino.es\/wp-content\/uploads\/2023\/04\/cropped-logo-legumbretino.jpeg","width":248,"height":183,"caption":"Legumbres Tino"},"image":{"@id":"https:\/\/legumbrestino.es\/#\/schema\/logo\/image\/"}}]}},"_links":{"self":[{"href":"https:\/\/legumbrestino.es\/en\/wp-json\/wp\/v2\/pages\/822","targetHints":{"allow":["GET"]}}],"collection":[{"href":"https:\/\/legumbrestino.es\/en\/wp-json\/wp\/v2\/pages"}],"about":[{"href":"https:\/\/legumbrestino.es\/en\/wp-json\/wp\/v2\/types\/page"}],"author":[{"embeddable":true,"href":"https:\/\/legumbrestino.es\/en\/wp-json\/wp\/v2\/users\/1"}],"replies":[{"embeddable":true,"href":"https:\/\/legumbrestino.es\/en\/wp-json\/wp\/v2\/comments?post=822"}],"version-history":[{"count":5,"href":"https:\/\/legumbrestino.es\/en\/wp-json\/wp\/v2\/pages\/822\/revisions"}],"predecessor-version":[{"id":829,"href":"https:\/\/legumbrestino.es\/en\/wp-json\/wp\/v2\/pages\/822\/revisions\/829"}],"wp:attachment":[{"href":"https:\/\/legumbrestino.es\/en\/wp-json\/wp\/v2\/media?parent=822"}],"curies":[{"name":"wp","href":"https:\/\/api.w.org\/{rel}","templated":true}]}}